{"id":224,"date":"2024-04-10T08:52:45","date_gmt":"2024-04-10T06:52:45","guid":{"rendered":"https:\/\/www.quartettproduction.com\/fr\/?page_id=224"},"modified":"2024-04-10T09:02:27","modified_gmt":"2024-04-10T07:02:27","slug":"courts-metrages","status":"publish","type":"page","link":"https:\/\/www.quartettproduction.com\/fr\/courts-metrages\/","title":{"rendered":"Courts m\u00e9trages"},"content":{"rendered":"<p>[et_pb_section fb_built=\u00a0\u00bb1&Prime; _builder_version=\u00a0\u00bb4.24.0&Prime; _module_preset=\u00a0\u00bbdefault\u00a0\u00bb global_colors_info=\u00a0\u00bb{}\u00a0\u00bb][et_pb_row use_custom_gutter=\u00a0\u00bbon\u00a0\u00bb gutter_width=\u00a0\u00bb1&Prime; make_equal=\u00a0\u00bbon\u00a0\u00bb _builder_version=\u00a0\u00bb4.24.0&Prime; _module_preset=\u00a0\u00bbdefault\u00a0\u00bb width=\u00a0\u00bb95%\u00a0\u00bb max_width=\u00a0\u00bb2560px\u00a0\u00bb custom_padding=\u00a0\u00bb2px||7px|||\u00a0\u00bb custom_css_main_element=\u00a0\u00bbalign-items: center;\u00a0\u00bb global_colors_info=\u00a0\u00bb{}\u00a0\u00bb][et_pb_column type=\u00a0\u00bb4_4&Prime; _builder_version=\u00a0\u00bb4.24.0&Prime; _module_preset=\u00a0\u00bbdefault\u00a0\u00bb global_colors_info=\u00a0\u00bb{}\u00a0\u00bb][et_pb_text _builder_version=\u00a0\u00bb4.24.0&Prime; _module_preset=\u00a0\u00bbdefault\u00a0\u00bb header_text_align=\u00a0\u00bbcenter\u00a0\u00bb custom_margin=\u00a0\u00bb30px||30px||true|false\u00a0\u00bb header_text_align_tablet=\u00a0\u00bbcenter\u00a0\u00bb header_text_align_phone=\u00a0\u00bbcenter\u00a0\u00bb header_text_align_last_edited=\u00a0\u00bboff|desktop\u00a0\u00bb global_colors_info=\u00a0\u00bb{}\u00a0\u00bb]<\/p>\n<h1>Courts m\u00e9trages<\/h1>\n<p>[\/et_pb_text][\/et_pb_column][\/et_pb_row][et_pb_row _builder_version=\u00a0\u00bb4.24.0&Prime; _module_preset=\u00a0\u00bbdefault\u00a0\u00bb width=\u00a0\u00bb95%\u00a0\u00bb max_width=\u00a0\u00bb2560px\u00a0\u00bb custom_padding=\u00a0\u00bb1px|||||\u00a0\u00bb global_colors_info=\u00a0\u00bb{}\u00a0\u00bb][et_pb_column type=\u00a0\u00bb4_4&Prime; _builder_version=\u00a0\u00bb4.24.0&Prime; _module_preset=\u00a0\u00bbdefault\u00a0\u00bb global_colors_info=\u00a0\u00bb{}\u00a0\u00bb][et_pb_text _builder_version=\u00a0\u00bb4.24.0&Prime; _module_preset=\u00a0\u00bbdefault\u00a0\u00bb header_2_font=\u00a0\u00bb|||on|||||\u00a0\u00bb header_2_text_align=\u00a0\u00bbcenter\u00a0\u00bb header_2_text_color=\u00a0\u00bb#000000&Prime; header_2_font_size=\u00a0\u00bb20px\u00a0\u00bb header_2_letter_spacing=\u00a0\u00bb3px\u00a0\u00bb z_index=\u00a0\u00bb3&Prime; global_colors_info=\u00a0\u00bb{}\u00a0\u00bb]<\/p>\n<h2>En diffusion<\/h2>\n<p>[\/et_pb_text][et_pb_de_mach_carousel post_type_choose=\u00a0\u00bbcourts_metrages\u00a0\u00bb loop_layout=\u00a0\u00bb75&Prime; no_posts_layout_text=\u00a0\u00bb\u200e \u00a0\u00bb posts_number=\u00a0\u00bb100&Prime; include_cats=\u00a0\u00bbEn diffusion,\u00a0\u00bb left_icon=\u00a0\u00bb&#x23;||divi||400&Prime; right_icon=\u00a0\u00bb&#x24;||divi||400&Prime; arrows_offset=\u00a0\u00bb27px\u00a0\u00bb arrows_color=\u00a0\u00bb#000000&Prime; admin_label=\u00a0\u00bbPost Carousel &#8211; Divi Machine\u00a0\u00bb _builder_version=\u00a0\u00bb4.24.2&Prime; _module_preset=\u00a0\u00bbdefault\u00a0\u00bb text_orientation=\u00a0\u00bbcenter\u00a0\u00bb custom_margin=\u00a0\u00bb30px||||false|false\u00a0\u00bb global_colors_info=\u00a0\u00bb{}\u00a0\u00bb][\/et_pb_de_mach_carousel][et_pb_text _builder_version=\u00a0\u00bb4.24.0&Prime; _module_preset=\u00a0\u00bbdefault\u00a0\u00bb header_2_font=\u00a0\u00bb|||on|||||\u00a0\u00bb header_2_text_align=\u00a0\u00bbcenter\u00a0\u00bb header_2_text_color=\u00a0\u00bb#000000&Prime; header_2_font_size=\u00a0\u00bb20px\u00a0\u00bb header_2_letter_spacing=\u00a0\u00bb3px\u00a0\u00bb z_index=\u00a0\u00bb3&Prime; locked=\u00a0\u00bboff\u00a0\u00bb global_colors_info=\u00a0\u00bb{}\u00a0\u00bb]<\/p>\n<h2>En production<\/h2>\n<p>[\/et_pb_text][et_pb_de_mach_carousel post_type_choose=\u00a0\u00bbcourts_metrages\u00a0\u00bb loop_layout=\u00a0\u00bb75&Prime; no_posts_layout_text=\u00a0\u00bb\u200e \u00a0\u00bb posts_number=\u00a0\u00bb100&Prime; include_cats=\u00a0\u00bbEn production,\u00a0\u00bb admin_label=\u00a0\u00bbPost Carousel &#8211; Divi Machine\u00a0\u00bb _builder_version=\u00a0\u00bb4.24.2&Prime; _module_preset=\u00a0\u00bbdefault\u00a0\u00bb text_orientation=\u00a0\u00bbcenter\u00a0\u00bb custom_margin=\u00a0\u00bb30px||||false|false\u00a0\u00bb global_colors_info=\u00a0\u00bb{}\u00a0\u00bb][\/et_pb_de_mach_carousel][et_pb_text admin_label=\u00a0\u00bbTexte\u00a0\u00bb _builder_version=\u00a0\u00bb4.24.0&Prime; _module_preset=\u00a0\u00bbdefault\u00a0\u00bb header_2_font=\u00a0\u00bb|||on|||||\u00a0\u00bb header_2_text_align=\u00a0\u00bbcenter\u00a0\u00bb header_2_text_color=\u00a0\u00bb#000000&Prime; header_2_font_size=\u00a0\u00bb20px\u00a0\u00bb header_2_letter_spacing=\u00a0\u00bb3px\u00a0\u00bb z_index=\u00a0\u00bb3&Prime; locked=\u00a0\u00bboff\u00a0\u00bb global_colors_info=\u00a0\u00bb{}\u00a0\u00bb]<\/p>\n<h2>En d\u00e9veloppement<\/h2>\n<p>[\/et_pb_text][et_pb_de_mach_carousel post_type_choose=\u00a0\u00bbcourts_metrages\u00a0\u00bb loop_layout=\u00a0\u00bb75&Prime; no_posts_layout_text=\u00a0\u00bb\u200e \u00a0\u00bb posts_number=\u00a0\u00bb100&Prime; include_cats=\u00a0\u00bbEn d\u00e9veloppement,\u00a0\u00bb left_icon=\u00a0\u00bb&#x23;||divi||400&Prime; right_icon=\u00a0\u00bb&#x24;||divi||400&Prime; arrows_offset=\u00a0\u00bb27px\u00a0\u00bb arrows_color=\u00a0\u00bb#000000&Prime; admin_label=\u00a0\u00bbPost Carousel &#8211; Divi Machine\u00a0\u00bb _builder_version=\u00a0\u00bb4.24.2&Prime; _module_preset=\u00a0\u00bbdefault\u00a0\u00bb text_orientation=\u00a0\u00bbcenter\u00a0\u00bb custom_margin=\u00a0\u00bb30px||||false|false\u00a0\u00bb hover_enabled=\u00a0\u00bb0&Prime; global_colors_info=\u00a0\u00bb{}\u00a0\u00bb sticky_enabled=\u00a0\u00bb0&Prime;][\/et_pb_de_mach_carousel][et_pb_text _builder_version=\u00a0\u00bb4.24.0&Prime; _module_preset=\u00a0\u00bbdefault\u00a0\u00bb header_2_font=\u00a0\u00bb|||on|||||\u00a0\u00bb header_2_text_align=\u00a0\u00bbcenter\u00a0\u00bb header_2_text_color=\u00a0\u00bb#000000&Prime; header_2_font_size=\u00a0\u00bb20px\u00a0\u00bb header_2_letter_spacing=\u00a0\u00bb3px\u00a0\u00bb z_index=\u00a0\u00bb3&Prime; locked=\u00a0\u00bboff\u00a0\u00bb global_colors_info=\u00a0\u00bb{}\u00a0\u00bb]<\/p>\n<h2>Catalogue<\/h2>\n<p>[\/et_pb_text][et_pb_de_mach_carousel post_type_choose=\u00a0\u00bbcourts_metrages\u00a0\u00bb loop_layout=\u00a0\u00bb75&Prime; no_posts_layout_text=\u00a0\u00bb\u200e \u00a0\u00bb posts_number=\u00a0\u00bb100&Prime; include_cats=\u00a0\u00bbCatalogue,\u00a0\u00bb left_icon=\u00a0\u00bb&#x23;||divi||400&Prime; right_icon=\u00a0\u00bb&#x24;||divi||400&Prime; arrows_offset=\u00a0\u00bb27px\u00a0\u00bb arrows_color=\u00a0\u00bb#000000&Prime; admin_label=\u00a0\u00bbPost Carousel &#8211; Divi Machine\u00a0\u00bb _builder_version=\u00a0\u00bb4.24.0&Prime; _module_preset=\u00a0\u00bbdefault\u00a0\u00bb text_orientation=\u00a0\u00bbcenter\u00a0\u00bb custom_margin=\u00a0\u00bb30px||||false|false\u00a0\u00bb locked=\u00a0\u00bboff\u00a0\u00bb global_colors_info=\u00a0\u00bb{}\u00a0\u00bb][\/et_pb_de_mach_carousel][\/et_pb_column][\/et_pb_row][\/et_pb_section]<\/p>\n","protected":false},"excerpt":{"rendered":"<p>Courts m\u00e9tragesEn diffusionEn productionEn d\u00e9veloppementCatalogue<\/p>\n","protected":false},"author":1,"featured_media":0,"parent":0,"menu_order":0,"comment_status":"closed","ping_status":"closed","template":"","meta":{"_acf_changed":false,"_et_pb_use_builder":"on","_et_pb_old_content":"<!-- wp:divi\/placeholder \/-->","_et_gb_content_width":"","footnotes":""},"class_list":["post-224","page","type-page","status-publish","hentry"],"acf":[],"yoast_head":"<!-- This site is optimized with the Yoast SEO plugin v22.4 - https:\/\/yoast.com\/wordpress\/plugins\/seo\/ -->\n<title>Courts m\u00e9trages - Quartett Production<\/title>\n<meta name=\"robots\" content=\"index, follow, max-snippet:-1, max-image-preview:large, max-video-preview:-1\" \/>\n<link rel=\"canonical\" href=\"https:\/\/www.quartettproduction.com\/fr\/courts-metrages\/\" \/>\n<meta property=\"og:locale\" content=\"fr_FR\" \/>\n<meta property=\"og:type\" content=\"article\" \/>\n<meta property=\"og:title\" content=\"Courts m\u00e9trages - Quartett Production\" \/>\n<meta property=\"og:description\" content=\"Courts m\u00e9tragesEn diffusionEn productionEn d\u00e9veloppementCatalogue\" \/>\n<meta property=\"og:site_name\" content=\"Quartett Production\" \/>\n<meta property=\"article:publisher\" content=\"https:\/\/fr-fr.facebook.com\/quartettproduction\/\" \/>\n<meta property=\"article:modified_time\" content=\"2024-04-10T07:02:27+00:00\" \/>\n<meta name=\"twitter:card\" content=\"summary_large_image\" \/>\n<meta name=\"twitter:label1\" content=\"Dur\u00e9e de lecture estim\u00e9e\" \/>\n\t<meta name=\"twitter:data1\" content=\"3 minutes\" \/>\n<script type=\"application\/ld+json\" class=\"yoast-schema-graph\">{\"@context\":\"https:\/\/schema.org\",\"@graph\":[{\"@type\":\"WebPage\",\"@id\":\"https:\/\/www.quartettproduction.com\/fr\/courts-metrages\/\",\"url\":\"https:\/\/www.quartettproduction.com\/fr\/courts-metrages\/\",\"name\":\"Courts m\u00e9trages - Quartett Production\",\"isPartOf\":{\"@id\":\"https:\/\/www.quartettproduction.com\/fr\/#website\"},\"datePublished\":\"2024-04-10T06:52:45+00:00\",\"dateModified\":\"2024-04-10T07:02:27+00:00\",\"breadcrumb\":{\"@id\":\"https:\/\/www.quartettproduction.com\/fr\/courts-metrages\/#breadcrumb\"},\"inLanguage\":\"fr-FR\",\"potentialAction\":[{\"@type\":\"ReadAction\",\"target\":[\"https:\/\/www.quartettproduction.com\/fr\/courts-metrages\/\"]}]},{\"@type\":\"BreadcrumbList\",\"@id\":\"https:\/\/www.quartettproduction.com\/fr\/courts-metrages\/#breadcrumb\",\"itemListElement\":[{\"@type\":\"ListItem\",\"position\":1,\"name\":\"Accueil\",\"item\":\"https:\/\/www.quartettproduction.com\/fr\/\"},{\"@type\":\"ListItem\",\"position\":2,\"name\":\"Courts m\u00e9trages\"}]},{\"@type\":\"WebSite\",\"@id\":\"https:\/\/www.quartettproduction.com\/fr\/#website\",\"url\":\"https:\/\/www.quartettproduction.com\/fr\/\",\"name\":\"Quartett Production\",\"description\":\"Courts et longs m\u00e9trages\",\"publisher\":{\"@id\":\"https:\/\/www.quartettproduction.com\/fr\/#organization\"},\"potentialAction\":[{\"@type\":\"SearchAction\",\"target\":{\"@type\":\"EntryPoint\",\"urlTemplate\":\"https:\/\/www.quartettproduction.com\/fr\/?s={search_term_string}\"},\"query-input\":\"required name=search_term_string\"}],\"inLanguage\":\"fr-FR\"},{\"@type\":\"Organization\",\"@id\":\"https:\/\/www.quartettproduction.com\/fr\/#organization\",\"name\":\"Quartett Production\",\"url\":\"https:\/\/www.quartettproduction.com\/fr\/\",\"logo\":{\"@type\":\"ImageObject\",\"inLanguage\":\"fr-FR\",\"@id\":\"https:\/\/www.quartettproduction.com\/fr\/#\/schema\/logo\/image\/\",\"url\":\"https:\/\/www.quartettproduction.com\/fr\/wp-content\/uploads\/2024\/03\/logoquartett.png\",\"contentUrl\":\"https:\/\/www.quartettproduction.com\/fr\/wp-content\/uploads\/2024\/03\/logoquartett.png\",\"width\":420,\"height\":84,\"caption\":\"Quartett Production\"},\"image\":{\"@id\":\"https:\/\/www.quartettproduction.com\/fr\/#\/schema\/logo\/image\/\"},\"sameAs\":[\"https:\/\/fr-fr.facebook.com\/quartettproduction\/\",\"https:\/\/www.instagram.com\/quartettproduction\/?hl=fr\",\"https:\/\/vimeo.com\/quartettproduction\"]}]}<\/script>\n<!-- \/ Yoast SEO plugin. -->","yoast_head_json":{"title":"Courts m\u00e9trages - Quartett Production","robots":{"index":"index","follow":"follow","max-snippet":"max-snippet:-1","max-image-preview":"max-image-preview:large","max-video-preview":"max-video-preview:-1"},"canonical":"https:\/\/www.quartettproduction.com\/fr\/courts-metrages\/","og_locale":"fr_FR","og_type":"article","og_title":"Courts m\u00e9trages - Quartett Production","og_description":"Courts m\u00e9tragesEn diffusionEn productionEn d\u00e9veloppementCatalogue","og_site_name":"Quartett Production","article_publisher":"https:\/\/fr-fr.facebook.com\/quartettproduction\/","article_modified_time":"2024-04-10T07:02:27+00:00","twitter_card":"summary_large_image","twitter_misc":{"Dur\u00e9e de lecture estim\u00e9e":"3 minutes"},"schema":{"@context":"https:\/\/schema.org","@graph":[{"@type":"WebPage","@id":"https:\/\/www.quartettproduction.com\/fr\/courts-metrages\/","url":"https:\/\/www.quartettproduction.com\/fr\/courts-metrages\/","name":"Courts m\u00e9trages - Quartett Production","isPartOf":{"@id":"https:\/\/www.quartettproduction.com\/fr\/#website"},"datePublished":"2024-04-10T06:52:45+00:00","dateModified":"2024-04-10T07:02:27+00:00","breadcrumb":{"@id":"https:\/\/www.quartettproduction.com\/fr\/courts-metrages\/#breadcrumb"},"inLanguage":"fr-FR","potentialAction":[{"@type":"ReadAction","target":["https:\/\/www.quartettproduction.com\/fr\/courts-metrages\/"]}]},{"@type":"BreadcrumbList","@id":"https:\/\/www.quartettproduction.com\/fr\/courts-metrages\/#breadcrumb","itemListElement":[{"@type":"ListItem","position":1,"name":"Accueil","item":"https:\/\/www.quartettproduction.com\/fr\/"},{"@type":"ListItem","position":2,"name":"Courts m\u00e9trages"}]},{"@type":"WebSite","@id":"https:\/\/www.quartettproduction.com\/fr\/#website","url":"https:\/\/www.quartettproduction.com\/fr\/","name":"Quartett Production","description":"Courts et longs m\u00e9trages","publisher":{"@id":"https:\/\/www.quartettproduction.com\/fr\/#organization"},"potentialAction":[{"@type":"SearchAction","target":{"@type":"EntryPoint","urlTemplate":"https:\/\/www.quartettproduction.com\/fr\/?s={search_term_string}"},"query-input":"required name=search_term_string"}],"inLanguage":"fr-FR"},{"@type":"Organization","@id":"https:\/\/www.quartettproduction.com\/fr\/#organization","name":"Quartett Production","url":"https:\/\/www.quartettproduction.com\/fr\/","logo":{"@type":"ImageObject","inLanguage":"fr-FR","@id":"https:\/\/www.quartettproduction.com\/fr\/#\/schema\/logo\/image\/","url":"https:\/\/www.quartettproduction.com\/fr\/wp-content\/uploads\/2024\/03\/logoquartett.png","contentUrl":"https:\/\/www.quartettproduction.com\/fr\/wp-content\/uploads\/2024\/03\/logoquartett.png","width":420,"height":84,"caption":"Quartett Production"},"image":{"@id":"https:\/\/www.quartettproduction.com\/fr\/#\/schema\/logo\/image\/"},"sameAs":["https:\/\/fr-fr.facebook.com\/quartettproduction\/","https:\/\/www.instagram.com\/quartettproduction\/?hl=fr","https:\/\/vimeo.com\/quartettproduction"]}]}},"_links":{"self":[{"href":"https:\/\/www.quartettproduction.com\/fr\/wp-json\/wp\/v2\/pages\/224","targetHints":{"allow":["GET"]}}],"collection":[{"href":"https:\/\/www.quartettproduction.com\/fr\/wp-json\/wp\/v2\/pages"}],"about":[{"href":"https:\/\/www.quartettproduction.com\/fr\/wp-json\/wp\/v2\/types\/page"}],"author":[{"embeddable":true,"href":"https:\/\/www.quartettproduction.com\/fr\/wp-json\/wp\/v2\/users\/1"}],"replies":[{"embeddable":true,"href":"https:\/\/www.quartettproduction.com\/fr\/wp-json\/wp\/v2\/comments?post=224"}],"version-history":[{"count":82,"href":"https:\/\/www.quartettproduction.com\/fr\/wp-json\/wp\/v2\/pages\/224\/revisions"}],"predecessor-version":[{"id":753,"href":"https:\/\/www.quartettproduction.com\/fr\/wp-json\/wp\/v2\/pages\/224\/revisions\/753"}],"wp:attachment":[{"href":"https:\/\/www.quartettproduction.com\/fr\/wp-json\/wp\/v2\/media?parent=224"}],"curies":[{"name":"wp","href":"https:\/\/api.w.org\/{rel}","templated":true}]}}