{"id":228,"date":"2024-02-22T11:02:13","date_gmt":"2024-02-22T10:02:13","guid":{"rendered":"https:\/\/www.quartettproduction.com\/fr\/?page_id=228"},"modified":"2024-04-10T10:06:20","modified_gmt":"2024-04-10T08:06:20","slug":"a-propos-contact","status":"publish","type":"page","link":"https:\/\/www.quartettproduction.com\/fr\/a-propos-contact\/","title":{"rendered":"\u00c0 propos &#038; Contact"},"content":{"rendered":"<p>[et_pb_section fb_built=\u00a0\u00bb1&Prime; _builder_version=\u00a0\u00bb4.24.0&Prime; _module_preset=\u00a0\u00bbdefault\u00a0\u00bb global_colors_info=\u00a0\u00bb{}\u00a0\u00bb][et_pb_row _builder_version=\u00a0\u00bb4.24.0&Prime; _module_preset=\u00a0\u00bbdefault\u00a0\u00bb global_colors_info=\u00a0\u00bb{}\u00a0\u00bb][et_pb_column type=\u00a0\u00bb4_4&Prime; _builder_version=\u00a0\u00bb4.24.0&Prime; _module_preset=\u00a0\u00bbdefault\u00a0\u00bb global_colors_info=\u00a0\u00bb{}\u00a0\u00bb][et_pb_text _builder_version=\u00a0\u00bb4.24.0&Prime; _module_preset=\u00a0\u00bbdefault\u00a0\u00bb header_2_font_size=\u00a0\u00bb23px\u00a0\u00bb custom_margin=\u00a0\u00bb||13px|||\u00a0\u00bb global_colors_info=\u00a0\u00bb{}\u00a0\u00bb]<\/p>\n<h1 style=\"text-align: center;\">\u00c0 propos de Quartett Production<\/h1>\n<p style=\"text-align: center;\"><span style=\"font-weight: 400;\">Quartett Production est une soci\u00e9t\u00e9 de production cin\u00e9matographique fond\u00e9e en d\u00e9cembre 2014, \u00e9tablie \u00e0 Paris et dirig\u00e9e par Ethan Selcer. Apr\u00e8s avoir produit vingt-cinq courts m\u00e9trages et un long m\u00e9trage entre 2015 et 2023, Quartett se dirige principalement vers le long m\u00e9trage, prolongeant naturellement l\u2019accompagnement de ses r\u00e9alisateurs et r\u00e9alisatrices, et poursuit son activit\u00e9 de d\u00e9couverte de jeunes auteurs.<\/span><\/p>\n<p style=\"text-align: center;\"><span style=\"font-weight: 400;\">Quartett Production est laur\u00e9at du Prix France T\u00e9l\u00e9visions du Jeune Producteur 2020.<\/span><\/p>\n<p style=\"text-align: center;\"><span style=\"font-weight: 400;\"><\/span><\/p>\n<p style=\"text-align: center;\"><span style=\"font-weight: 400;\"><\/span><\/p>\n<p style=\"text-align: center;\"><span style=\"font-weight: 400;\"><\/span><\/p>\n<h2 style=\"text-align: center;\"><span style=\"font-weight: 400;\">Pour soumettre votre projet, nous vous invitons \u00e0 nous contacter via le formulaire disponible ci-dessous.<\/span><\/h2>\n<p>[\/et_pb_text][et_pb_divider _builder_version=\u00a0\u00bb4.24.0&Prime; _module_preset=\u00a0\u00bbdefault\u00a0\u00bb custom_margin=\u00a0\u00bb||18px|||\u00a0\u00bb global_colors_info=\u00a0\u00bb{}\u00a0\u00bb][\/et_pb_divider][dsm_contact_form_7 _builder_version=\u00a0\u00bb4.24.2&Prime; _module_preset=\u00a0\u00bbdefault\u00a0\u00bb cf7_library=\u00a0\u00bb766&Prime; hover_enabled=\u00a0\u00bb0&Prime; sticky_enabled=\u00a0\u00bb0&Prime; custom_button_one=\u00a0\u00bbon\u00a0\u00bb button_one_text_color=\u00a0\u00bb#FFFFFF\u00a0\u00bb][\/dsm_contact_form_7][\/et_pb_column][\/et_pb_row][et_pb_row column_structure=\u00a0\u00bb1_2,1_2&Prime; make_equal=\u00a0\u00bbon\u00a0\u00bb _builder_version=\u00a0\u00bb4.24.0&Prime; _module_preset=\u00a0\u00bbdefault\u00a0\u00bb global_colors_info=\u00a0\u00bb{}\u00a0\u00bb][et_pb_column type=\u00a0\u00bb1_2&Prime; _builder_version=\u00a0\u00bb4.24.0&Prime; _module_preset=\u00a0\u00bbdefault\u00a0\u00bb global_colors_info=\u00a0\u00bb{}\u00a0\u00bb][et_pb_text _builder_version=\u00a0\u00bb4.24.0&Prime; _module_preset=\u00a0\u00bbdefault\u00a0\u00bb text_text_color=\u00a0\u00bb#000000&Prime; link_font=\u00a0\u00bb||||on|||#000000|\u00a0\u00bb link_text_color=\u00a0\u00bb#000000&Prime; header_3_text_color=\u00a0\u00bb#000000&Prime; background_color=\u00a0\u00bb#efefef\u00a0\u00bb custom_padding=\u00a0\u00bb30px|30px|30px|30px|true|true\u00a0\u00bb global_colors_info=\u00a0\u00bb{}\u00a0\u00bb]<\/p>\n<h3 style=\"text-align: center;\"><strong>Contacts<\/strong><\/h3>\n<p style=\"text-align: center;\"><strong>Producteur<\/strong><br \/>Ethan Selcer<br \/><a href=\"mailto:ethan@quartettproduction.com\">ethan@quartettproduction.com<\/a><\/p>\n<p style=\"text-align: center;\"><strong>Assistante de production<\/strong><br \/>Marie Dufour<br \/><a href=\"mailto:marie@quartettproduction.com\">marie@quartettproduction.com<\/a><\/p>\n<p style=\"text-align: center;\"><strong>Assistante de production<\/strong><br \/>Camille Roux<br \/><a href=\"mailto:camille@quartettproduction.com\">camille@quartettproduction.com<\/a><\/p>\n<p style=\"text-align: center;\">[\/et_pb_text][\/et_pb_column][et_pb_column type=\u00a0\u00bb1_2&Prime; _builder_version=\u00a0\u00bb4.24.0&Prime; _module_preset=\u00a0\u00bbdefault\u00a0\u00bb border_width_all=\u00a0\u00bb1px\u00a0\u00bb global_colors_info=\u00a0\u00bb{}\u00a0\u00bb][et_pb_text _builder_version=\u00a0\u00bb4.24.0&Prime; _module_preset=\u00a0\u00bbdefault\u00a0\u00bb link_font=\u00a0\u00bb||||on||||\u00a0\u00bb custom_padding=\u00a0\u00bb41px|30px|41px|30px|true|true\u00a0\u00bb global_colors_info=\u00a0\u00bb{}\u00a0\u00bb]<\/p>\n<h3 style=\"text-align: center;\">Coordonn\u00e9es<\/h3>\n<p style=\"text-align: center;\"><strong>Bureau<\/strong><br \/>45 rue de la Mare<br \/>75020 Paris<\/p>\n<p style=\"text-align: center;\"><strong>Si\u00e8ge social<\/strong><br \/>28 rue de Paris<br \/>93100 Montreuil<\/p>\n<p style=\"text-align: center;\"><a href=\"mailto:info@quartettproduction.com\"><span>info@quartettproduction.com<\/span><\/a><\/p>\n<p>[\/et_pb_text][\/et_pb_column][\/et_pb_row][\/et_pb_section]<\/p>\n","protected":false},"excerpt":{"rendered":"<p>\u00c0 propos de Quartett Production Quartett Production est une soci\u00e9t\u00e9 de production cin\u00e9matographique fond\u00e9e en d\u00e9cembre 2014, \u00e9tablie \u00e0 Paris et dirig\u00e9e par Ethan Selcer. Apr\u00e8s avoir produit vingt-cinq courts m\u00e9trages et un long m\u00e9trage entre 2015 et 2023, Quartett se dirige principalement vers le long m\u00e9trage, prolongeant naturellement l\u2019accompagnement de ses r\u00e9alisateurs et r\u00e9alisatrices, [&hellip;]<\/p>\n","protected":false},"author":1,"featured_media":0,"parent":0,"menu_order":0,"comment_status":"closed","ping_status":"closed","template":"","meta":{"_acf_changed":false,"_et_pb_use_builder":"on","_et_pb_old_content":"<!-- wp:divi\/placeholder \/-->","_et_gb_content_width":"","footnotes":""},"class_list":["post-228","page","type-page","status-publish","hentry"],"acf":[],"yoast_head":"<!-- This site is optimized with the Yoast SEO plugin v22.4 - https:\/\/yoast.com\/wordpress\/plugins\/seo\/ -->\n<title>\u00c0 propos &amp; Contact - Quartett Production<\/title>\n<meta name=\"robots\" content=\"index, follow, max-snippet:-1, max-image-preview:large, max-video-preview:-1\" \/>\n<link rel=\"canonical\" href=\"https:\/\/www.quartettproduction.com\/fr\/a-propos-contact\/\" \/>\n<meta property=\"og:locale\" content=\"fr_FR\" \/>\n<meta property=\"og:type\" content=\"article\" \/>\n<meta property=\"og:title\" content=\"\u00c0 propos &amp; Contact - Quartett Production\" \/>\n<meta property=\"og:description\" content=\"\u00c0 propos de Quartett Production Quartett Production est une soci\u00e9t\u00e9 de production cin\u00e9matographique fond\u00e9e en d\u00e9cembre 2014, \u00e9tablie \u00e0 Paris et dirig\u00e9e par Ethan Selcer. Apr\u00e8s avoir produit vingt-cinq courts m\u00e9trages et un long m\u00e9trage entre 2015 et 2023, Quartett se dirige principalement vers le long m\u00e9trage, prolongeant naturellement l\u2019accompagnement de ses r\u00e9alisateurs et r\u00e9alisatrices, [&hellip;]\" \/>\n<meta property=\"og:site_name\" content=\"Quartett Production\" \/>\n<meta property=\"article:publisher\" content=\"https:\/\/fr-fr.facebook.com\/quartettproduction\/\" \/>\n<meta property=\"article:modified_time\" content=\"2024-04-10T08:06:20+00:00\" \/>\n<meta name=\"twitter:card\" content=\"summary_large_image\" \/>\n<meta name=\"twitter:label1\" content=\"Dur\u00e9e de lecture estim\u00e9e\" \/>\n\t<meta name=\"twitter:data1\" content=\"2 minutes\" \/>\n<script type=\"application\/ld+json\" class=\"yoast-schema-graph\">{\"@context\":\"https:\/\/schema.org\",\"@graph\":[{\"@type\":\"WebPage\",\"@id\":\"https:\/\/www.quartettproduction.com\/fr\/a-propos-contact\/\",\"url\":\"https:\/\/www.quartettproduction.com\/fr\/a-propos-contact\/\",\"name\":\"\u00c0 propos & Contact - Quartett Production\",\"isPartOf\":{\"@id\":\"https:\/\/www.quartettproduction.com\/fr\/#website\"},\"datePublished\":\"2024-02-22T10:02:13+00:00\",\"dateModified\":\"2024-04-10T08:06:20+00:00\",\"breadcrumb\":{\"@id\":\"https:\/\/www.quartettproduction.com\/fr\/a-propos-contact\/#breadcrumb\"},\"inLanguage\":\"fr-FR\",\"potentialAction\":[{\"@type\":\"ReadAction\",\"target\":[\"https:\/\/www.quartettproduction.com\/fr\/a-propos-contact\/\"]}]},{\"@type\":\"BreadcrumbList\",\"@id\":\"https:\/\/www.quartettproduction.com\/fr\/a-propos-contact\/#breadcrumb\",\"itemListElement\":[{\"@type\":\"ListItem\",\"position\":1,\"name\":\"Accueil\",\"item\":\"https:\/\/www.quartettproduction.com\/fr\/\"},{\"@type\":\"ListItem\",\"position\":2,\"name\":\"\u00c0 propos &#038; Contact\"}]},{\"@type\":\"WebSite\",\"@id\":\"https:\/\/www.quartettproduction.com\/fr\/#website\",\"url\":\"https:\/\/www.quartettproduction.com\/fr\/\",\"name\":\"Quartett Production\",\"description\":\"Courts et longs m\u00e9trages\",\"publisher\":{\"@id\":\"https:\/\/www.quartettproduction.com\/fr\/#organization\"},\"potentialAction\":[{\"@type\":\"SearchAction\",\"target\":{\"@type\":\"EntryPoint\",\"urlTemplate\":\"https:\/\/www.quartettproduction.com\/fr\/?s={search_term_string}\"},\"query-input\":\"required name=search_term_string\"}],\"inLanguage\":\"fr-FR\"},{\"@type\":\"Organization\",\"@id\":\"https:\/\/www.quartettproduction.com\/fr\/#organization\",\"name\":\"Quartett Production\",\"url\":\"https:\/\/www.quartettproduction.com\/fr\/\",\"logo\":{\"@type\":\"ImageObject\",\"inLanguage\":\"fr-FR\",\"@id\":\"https:\/\/www.quartettproduction.com\/fr\/#\/schema\/logo\/image\/\",\"url\":\"https:\/\/www.quartettproduction.com\/fr\/wp-content\/uploads\/2024\/03\/logoquartett.png\",\"contentUrl\":\"https:\/\/www.quartettproduction.com\/fr\/wp-content\/uploads\/2024\/03\/logoquartett.png\",\"width\":420,\"height\":84,\"caption\":\"Quartett Production\"},\"image\":{\"@id\":\"https:\/\/www.quartettproduction.com\/fr\/#\/schema\/logo\/image\/\"},\"sameAs\":[\"https:\/\/fr-fr.facebook.com\/quartettproduction\/\",\"https:\/\/www.instagram.com\/quartettproduction\/?hl=fr\",\"https:\/\/vimeo.com\/quartettproduction\"]}]}<\/script>\n<!-- \/ Yoast SEO plugin. -->","yoast_head_json":{"title":"\u00c0 propos & Contact - Quartett Production","robots":{"index":"index","follow":"follow","max-snippet":"max-snippet:-1","max-image-preview":"max-image-preview:large","max-video-preview":"max-video-preview:-1"},"canonical":"https:\/\/www.quartettproduction.com\/fr\/a-propos-contact\/","og_locale":"fr_FR","og_type":"article","og_title":"\u00c0 propos & Contact - Quartett Production","og_description":"\u00c0 propos de Quartett Production Quartett Production est une soci\u00e9t\u00e9 de production cin\u00e9matographique fond\u00e9e en d\u00e9cembre 2014, \u00e9tablie \u00e0 Paris et dirig\u00e9e par Ethan Selcer. Apr\u00e8s avoir produit vingt-cinq courts m\u00e9trages et un long m\u00e9trage entre 2015 et 2023, Quartett se dirige principalement vers le long m\u00e9trage, prolongeant naturellement l\u2019accompagnement de ses r\u00e9alisateurs et r\u00e9alisatrices, [&hellip;]","og_site_name":"Quartett Production","article_publisher":"https:\/\/fr-fr.facebook.com\/quartettproduction\/","article_modified_time":"2024-04-10T08:06:20+00:00","twitter_card":"summary_large_image","twitter_misc":{"Dur\u00e9e de lecture estim\u00e9e":"2 minutes"},"schema":{"@context":"https:\/\/schema.org","@graph":[{"@type":"WebPage","@id":"https:\/\/www.quartettproduction.com\/fr\/a-propos-contact\/","url":"https:\/\/www.quartettproduction.com\/fr\/a-propos-contact\/","name":"\u00c0 propos & Contact - Quartett Production","isPartOf":{"@id":"https:\/\/www.quartettproduction.com\/fr\/#website"},"datePublished":"2024-02-22T10:02:13+00:00","dateModified":"2024-04-10T08:06:20+00:00","breadcrumb":{"@id":"https:\/\/www.quartettproduction.com\/fr\/a-propos-contact\/#breadcrumb"},"inLanguage":"fr-FR","potentialAction":[{"@type":"ReadAction","target":["https:\/\/www.quartettproduction.com\/fr\/a-propos-contact\/"]}]},{"@type":"BreadcrumbList","@id":"https:\/\/www.quartettproduction.com\/fr\/a-propos-contact\/#breadcrumb","itemListElement":[{"@type":"ListItem","position":1,"name":"Accueil","item":"https:\/\/www.quartettproduction.com\/fr\/"},{"@type":"ListItem","position":2,"name":"\u00c0 propos &#038; Contact"}]},{"@type":"WebSite","@id":"https:\/\/www.quartettproduction.com\/fr\/#website","url":"https:\/\/www.quartettproduction.com\/fr\/","name":"Quartett Production","description":"Courts et longs m\u00e9trages","publisher":{"@id":"https:\/\/www.quartettproduction.com\/fr\/#organization"},"potentialAction":[{"@type":"SearchAction","target":{"@type":"EntryPoint","urlTemplate":"https:\/\/www.quartettproduction.com\/fr\/?s={search_term_string}"},"query-input":"required name=search_term_string"}],"inLanguage":"fr-FR"},{"@type":"Organization","@id":"https:\/\/www.quartettproduction.com\/fr\/#organization","name":"Quartett Production","url":"https:\/\/www.quartettproduction.com\/fr\/","logo":{"@type":"ImageObject","inLanguage":"fr-FR","@id":"https:\/\/www.quartettproduction.com\/fr\/#\/schema\/logo\/image\/","url":"https:\/\/www.quartettproduction.com\/fr\/wp-content\/uploads\/2024\/03\/logoquartett.png","contentUrl":"https:\/\/www.quartettproduction.com\/fr\/wp-content\/uploads\/2024\/03\/logoquartett.png","width":420,"height":84,"caption":"Quartett Production"},"image":{"@id":"https:\/\/www.quartettproduction.com\/fr\/#\/schema\/logo\/image\/"},"sameAs":["https:\/\/fr-fr.facebook.com\/quartettproduction\/","https:\/\/www.instagram.com\/quartettproduction\/?hl=fr","https:\/\/vimeo.com\/quartettproduction"]}]}},"_links":{"self":[{"href":"https:\/\/www.quartettproduction.com\/fr\/wp-json\/wp\/v2\/pages\/228","targetHints":{"allow":["GET"]}}],"collection":[{"href":"https:\/\/www.quartettproduction.com\/fr\/wp-json\/wp\/v2\/pages"}],"about":[{"href":"https:\/\/www.quartettproduction.com\/fr\/wp-json\/wp\/v2\/types\/page"}],"author":[{"embeddable":true,"href":"https:\/\/www.quartettproduction.com\/fr\/wp-json\/wp\/v2\/users\/1"}],"replies":[{"embeddable":true,"href":"https:\/\/www.quartettproduction.com\/fr\/wp-json\/wp\/v2\/comments?post=228"}],"version-history":[{"count":13,"href":"https:\/\/www.quartettproduction.com\/fr\/wp-json\/wp\/v2\/pages\/228\/revisions"}],"predecessor-version":[{"id":767,"href":"https:\/\/www.quartettproduction.com\/fr\/wp-json\/wp\/v2\/pages\/228\/revisions\/767"}],"wp:attachment":[{"href":"https:\/\/www.quartettproduction.com\/fr\/wp-json\/wp\/v2\/media?parent=228"}],"curies":[{"name":"wp","href":"https:\/\/api.w.org\/{rel}","templated":true}]}}